{"id":5,"date":"2016-06-28T08:26:38","date_gmt":"2016-06-28T08:26:38","guid":{"rendered":"http:\/\/bridge59.qodeinteractive.com\/?page_id=5"},"modified":"2020-06-14T16:40:28","modified_gmt":"2020-06-14T16:40:28","slug":"home","status":"publish","type":"page","link":"https:\/\/satkadrovi.rs\/","title":{"rendered":"Po\u010detna"},"content":{"rendered":"<p>[vc_row css_animation=&#8221;&#8221; row_type=&#8221;row&#8221; use_row_as_full_screen_section=&#8221;no&#8221; type=&#8221;full_width&#8221; angled_section=&#8221;no&#8221; text_align=&#8221;left&#8221; background_image_as_pattern=&#8221;without_pattern&#8221;][vc_column][qode_elements_holder number_of_columns=&#8221;three_columns&#8221;][qode_elements_holder_item vertical_alignment=&#8221;middle&#8221; advanced_animations=&#8221;no&#8221; item_padding=&#8221;21% 20%&#8221; item_padding_1024_1280=&#8221;18% 17%&#8221; item_padding_768_1024=&#8221;16% 18%&#8221; item_padding_600_768=&#8221;18% 27%&#8221; item_padding_480_600=&#8221;16% 20%&#8221; item_padding_480=&#8221;14%&#8221;][vc_column_text]<\/p>\n<h5><span style=\"color: #f95c55;\">Mi smo<\/span><\/h5>\n<p>[\/vc_column_text][vc_empty_space height=&#8221;4px&#8221;][vc_column_text]Osnovani 2007. godine. Bavimo se pru\u017eanjem usluga iz oblasti ljudskih resursa. Vr\u0161imo profesionalni odabir kadrova.[\/vc_column_text][vc_empty_space height=&#8221;15px&#8221;][vc_column_text]<\/p>\n<h6><a href=\"https:\/\/satkadrovi.rs\/o-nama\/\">Pro\u010ditaj vi\u0161e<\/a><\/h6>\n<p>[\/vc_column_text][\/qode_elements_holder_item][qode_elements_holder_item vertical_alignment=&#8221;middle&#8221; advanced_animations=&#8221;no&#8221; background_color=&#8221;#f6f6f6&#8243; item_padding=&#8221;21% 20%&#8221; item_padding_1024_1280=&#8221;18% 17%&#8221; item_padding_768_1024=&#8221;16% 18%&#8221; item_padding_600_768=&#8221;18% 27%&#8221; item_padding_480_600=&#8221;16% 20%&#8221; item_padding_480=&#8221;14%&#8221;][vc_column_text]<\/p>\n<h5><span style=\"color: #f95c55;\">Tra\u017ei\u0161 posao?<\/span><\/h5>\n<p>[\/vc_column_text][vc_empty_space height=&#8221;4px&#8221;][vc_column_text]Ukoliko tra\u017ei\u0161 posao ili \u017eeli\u0161 da promeni\u0161 postoje\u0107i, prijavi se u na\u0161u bazu podataka, putem e-maila ili do\u0111i u sedi\u0161te preduze\u0107a.[\/vc_column_text][vc_empty_space height=&#8221;15px&#8221;][vc_column_text]<\/p>\n<h6><a href=\"https:\/\/satkadrovi.rs\/poslovi\/\">Pro\u010ditaj vi\u0161e<\/a><\/h6>\n<p>[\/vc_column_text][\/qode_elements_holder_item][qode_elements_holder_item vertical_alignment=&#8221;middle&#8221; advanced_animations=&#8221;no&#8221; item_padding=&#8221;21% 20%&#8221; item_padding_1024_1280=&#8221;18% 17%&#8221; item_padding_768_1024=&#8221;16% 18%&#8221; item_padding_600_768=&#8221;18% 27%&#8221; item_padding_480_600=&#8221;16% 20%&#8221; item_padding_480=&#8221;14%&#8221;][vc_column_text]<\/p>\n<h5><span style=\"color: #f95c55;\">Tra\u017ei\u0161 saradnike?<\/span><\/h5>\n<p>[\/vc_column_text][vc_empty_space height=&#8221;4px&#8221;][vc_column_text]Pozovi nas ako ti trebaju novi radnici. Vr\u0161imo selekciju i biramo kandidate koji odgovaraju tra\u017eenom profilu.[\/vc_column_text][vc_empty_space height=&#8221;15px&#8221;][vc_column_text]<\/p>\n<h6><a href=\"https:\/\/satkadrovi.rs\/usluge\/\">Pro\u010ditaj vi\u0161e<\/a><\/h6>\n<p>[\/vc_column_text][\/qode_elements_holder_item][\/qode_elements_holder][\/vc_column][\/vc_row][vc_row row_type=&#8221;parallax&#8221; parallax_content_width=&#8221;in_grid&#8221; text_align=&#8221;center&#8221; full_screen_section_height=&#8221;no&#8221; background_image=&#8221;23&#8243;][vc_column width=&#8221;1\/3&#8243;][vc_empty_space height=&#8221;105px&#8221;][vc_single_image image=&#8221;26&#8243; img_size=&#8221;full&#8221; alignment=&#8221;center&#8221; qode_css_animation=&#8221;&#8221;]<div class=\"q_counter_holder  center\" style=\"\"><span class=\"counter  zero\" style=\"color: #ffffff;font-weight: Default;\">13<\/span><p class=\"counter_text\" style=\"font-weight: Default;color: #ffffff;\">Godina postojimo<\/p><\/div>[vc_empty_space height=&#8221;105px&#8221;][\/vc_column][vc_column width=&#8221;1\/3&#8243;][vc_empty_space height=&#8221;105px&#8221;][vc_single_image image=&#8221;27&#8243; img_size=&#8221;full&#8221; alignment=&#8221;center&#8221; qode_css_animation=&#8221;&#8221;]<div class=\"q_counter_holder  center\" style=\"\"><span class=\"counter  zero\" style=\"color: #ffffff;font-weight: Default;\">200<\/span><p class=\"counter_text\" style=\"font-weight: Default;color: #ffffff;\">I vi\u0161e zadovoljnih klijenata<\/p><\/div>[vc_empty_space height=&#8221;105px&#8221;][\/vc_column][vc_column width=&#8221;1\/3&#8243;][vc_empty_space height=&#8221;105px&#8221;][vc_single_image image=&#8221;28&#8243; img_size=&#8221;full&#8221; alignment=&#8221;center&#8221; qode_css_animation=&#8221;&#8221;]<div class=\"q_counter_holder  center\" style=\"\"><span class=\"counter  zero\" style=\"color: #ffffff;font-weight: Default;\">3000<\/span><p class=\"counter_text\" style=\"font-weight: Default;color: #ffffff;\">I vi\u0161e zaposlenih kandidata<\/p><\/div>[vc_empty_space height=&#8221;105px&#8221;][\/vc_column][\/vc_row][vc_row css_animation=&#8221;&#8221; row_type=&#8221;row&#8221; use_row_as_full_screen_section=&#8221;no&#8221; type=&#8221;grid&#8221; angled_section=&#8221;no&#8221; text_align=&#8221;center&#8221; background_image_as_pattern=&#8221;without_pattern&#8221; css=&#8221;.vc_custom_1577130603377{padding-top: 143px !important;padding-bottom: 91px !important;}&#8221; z_index=&#8221;&#8221;][vc_column css=&#8221;.vc_custom_1577130345554{padding-right: 5% !important;padding-left: 5% !important;}&#8221; offset=&#8221;vc_col-lg-offset-2 vc_col-lg-8 vc_col-md-offset-1 vc_col-md-10&#8243;][vc_column_text]<\/p>\n<h2>Na\u0161e usluge<\/h2>\n<p>[\/vc_column_text][\/vc_column][\/vc_row][vc_row css_animation=&#8221;&#8221; row_type=&#8221;row&#8221; use_row_as_full_screen_section=&#8221;no&#8221; type=&#8221;full_width&#8221; angled_section=&#8221;no&#8221; text_align=&#8221;left&#8221; background_image_as_pattern=&#8221;without_pattern&#8221;][vc_column][qode_elements_holder number_of_columns=&#8221;three_columns&#8221;][qode_elements_holder_item vertical_alignment=&#8221;middle&#8221; advanced_animations=&#8221;no&#8221; item_padding=&#8221;21% 20%&#8221; item_padding_1024_1280=&#8221;18% 17%&#8221; item_padding_768_1024=&#8221;16% 18%&#8221; item_padding_600_768=&#8221;18% 27%&#8221; item_padding_480_600=&#8221;16% 20%&#8221; item_padding_480=&#8221;14%&#8221;][vc_column_text]<\/p>\n<h5><span style=\"color: #f95c55;\">Regrutacija i selekcija kadrova<\/span><\/h5>\n<p>[\/vc_column_text][vc_empty_space height=&#8221;4px&#8221;][vc_column_text]Vr\u0161imo regrutaciju i selekciju kadrova za razli\u010dite pozicije. Obavljamo intervjue sa kandidatima na osnovu kojih sti\u010demo utisak o&#8230;[\/vc_column_text][vc_empty_space height=&#8221;15px&#8221;][vc_column_text]<\/p>\n<h6><a href=\"https:\/\/satkadrovi.rs\/usluge\/\">Pro\u010ditaj vi\u0161e<\/a><\/h6>\n<p>[\/vc_column_text][\/qode_elements_holder_item][qode_elements_holder_item vertical_alignment=&#8221;middle&#8221; advanced_animations=&#8221;no&#8221; background_color=&#8221;#f6f6f6&#8243; item_padding=&#8221;21% 20%&#8221; item_padding_1024_1280=&#8221;18% 17%&#8221; item_padding_768_1024=&#8221;16% 18%&#8221; item_padding_600_768=&#8221;18% 27%&#8221; item_padding_480_600=&#8221;16% 20%&#8221; item_padding_480=&#8221;14%&#8221;][vc_column_text]<\/p>\n<h5><span style=\"color: #f95c55;\">Privremeno zapo\u0161ljavanje &#8211; ustupanje radnika<\/span><\/h5>\n<p>[\/vc_column_text][vc_empty_space height=&#8221;4px&#8221;][vc_column_text]Ukoliko tra\u017ei\u0161 posao ili \u017eeli\u0161 da promeni\u0161 postoje\u0107i, prijavi se u na\u0161u bazu podataka, putem e-maila ili do\u0111i u sedi\u0161te preduze\u0107a.[\/vc_column_text][vc_empty_space height=&#8221;15px&#8221;][vc_column_text]<\/p>\n<h6><a href=\"https:\/\/satkadrovi.rs\/usluge\/\">Pro\u010ditaj vi\u0161e<\/a><\/h6>\n<p>[\/vc_column_text][\/qode_elements_holder_item][qode_elements_holder_item vertical_alignment=&#8221;middle&#8221; advanced_animations=&#8221;no&#8221; item_padding=&#8221;21% 20%&#8221; item_padding_1024_1280=&#8221;18% 17%&#8221; item_padding_768_1024=&#8221;16% 18%&#8221; item_padding_600_768=&#8221;18% 27%&#8221; item_padding_480_600=&#8221;16% 20%&#8221; item_padding_480=&#8221;14%&#8221;][vc_column_text]<\/p>\n<h5><span style=\"color: #f95c55;\">Treninzi i obuka kadrova<\/span><\/h5>\n<p>[\/vc_column_text][vc_empty_space height=&#8221;4px&#8221;][vc_column_text]Ukoliko ti je potrebno usavr\u0161avanje postojie\u0107ih zaposlenih, mo\u017eemo ponuditi \u0161irok spektar razli\u010ditih treninga. Obuke prilago\u0111avamo konkretnom tipu radnika.[\/vc_column_text][vc_empty_space height=&#8221;15px&#8221;][vc_column_text]<\/p>\n<h6><a href=\"https:\/\/satkadrovi.rs\/usluge\/\">Pro\u010ditaj vi\u0161e<\/a><\/h6>\n<p>[\/vc_column_text][\/qode_elements_holder_item][qode_elements_holder_item vertical_alignment=&#8221;middle&#8221; advanced_animations=&#8221;no&#8221; item_padding=&#8221;21% 20%&#8221; item_padding_1024_1280=&#8221;18% 17%&#8221; item_padding_768_1024=&#8221;16% 18%&#8221; item_padding_600_768=&#8221;18% 27%&#8221; item_padding_480_600=&#8221;16% 20%&#8221; item_padding_480=&#8221;14%&#8221; background_color=&#8221;#f6f6f6&#8243;][vc_column_text]<\/p>\n<h5><span style=\"color: #f95c55;\">Obra\u010dun zarada<\/span><\/h5>\n<p>[\/vc_column_text][vc_empty_space height=&#8221;4px&#8221;][vc_column_text]Vr\u0161imo obra\u010dun zarada i naknada.[\/vc_column_text][vc_empty_space height=&#8221;15px&#8221;][vc_column_text]<\/p>\n<h6><a href=\"https:\/\/satkadrovi.rs\/usluge\/\">Pro\u010ditaj vi\u0161e<\/a><\/h6>\n<p>[\/vc_column_text][\/qode_elements_holder_item][\/qode_elements_holder][\/vc_column][\/vc_row][vc_row row_type=&#8221;parallax&#8221; parallax_content_width=&#8221;in_grid&#8221; text_align=&#8221;left&#8221; full_screen_section_height=&#8221;no&#8221; background_image=&#8221;23&#8243;][vc_column][vc_empty_space height=&#8221;50px&#8221;][vc_row_inner row_type=&#8221;row&#8221; type=&#8221;full_width&#8221; text_align=&#8221;left&#8221; css_animation=&#8221;&#8221;][vc_column_inner css=&#8221;.vc_custom_1467112647370{padding-right: 5% !important;}&#8221; offset=&#8221;vc_col-lg-6 vc_col-md-6&#8243;][vc_column_text]<\/p>\n<h2><span style=\"color: #ffffff;\">Za\u0161to sara\u0111ivati sa nama?<\/span><\/h2>\n<p><span style=\"color: #ffffff;\">Obezbe\u0111ujemo kvalitetne usluge.<\/span><br \/>\n<span style=\"color: #ffffff;\">Po\u0161tujemo relevantne propise u poslovanju.<\/span><br \/>\n<span style=\"color: #ffffff;\">Pouzdani smo i sigurni u ispunjenju preuzetih obaveza.<\/span><br \/>\n<span style=\"color: #ffffff;\">Dostupni smo i brzo reagujemo.<\/span><br \/>\n<span style=\"color: #ffffff;\">Ljubazni smo i izgra\u0111ujemo uzajamno korisne partnerske odnose sa korisnicima usluga.<\/span>[\/vc_column_text][vc_column_text][\/vc_column_text][\/vc_column_inner][vc_column_inner offset=&#8221;vc_col-lg-6 vc_col-md-6&#8243;]<div class='q_progress_bar'><h6 class='progress_title_holder clearfix' style='color: #ffffff;'><span class='progress_title'><span>KVALITET<\/span><\/span><span class='progress_number' style='color: #ffffff;font-size: 12px;font-weight: 700;'><span>0<\/span>%<\/span><\/h6><div class='progress_content_outer' style='height: 7px;border-radius: 0px;-moz-border-radius: 0px;-webkit-border-radius: 0px;background-color: #ffffff;'><div data-percentage='100' class='progress_content' style='height: 7px;background-color: #f95c55;'><\/div><\/div><\/div><div class='q_progress_bar'><h6 class='progress_title_holder clearfix' style='color: #ffffff;'><span class='progress_title'><span>PO\u0160TOVANJE PROPISA<\/span><\/span><span class='progress_number' style='color: #ffffff;font-size: 12px;font-weight: 700;'><span>0<\/span>%<\/span><\/h6><div class='progress_content_outer' style='height: 7px;border-radius: 0px;-moz-border-radius: 0px;-webkit-border-radius: 0px;background-color: #ffffff;'><div data-percentage='100' class='progress_content' style='height: 7px;background-color: #f95c55;'><\/div><\/div><\/div><div class='q_progress_bar'><h6 class='progress_title_holder clearfix' style='color: #ffffff;'><span class='progress_title'><span>DOSTUPNOST<\/span><\/span><span class='progress_number' style='color: #ffffff;font-size: 12px;font-weight: 700;'><span>0<\/span>%<\/span><\/h6><div class='progress_content_outer' style='height: 7px;border-radius: 0px;-moz-border-radius: 0px;-webkit-border-radius: 0px;background-color: #ffffff;'><div data-percentage='100' class='progress_content' style='height: 7px;background-color: #f95c55;'><\/div><\/div><\/div>[vc_empty_space height=&#8221;50px&#8221;][\/vc_column_inner][\/vc_row_inner][vc_empty_space height=&#8221;74px&#8221;][\/vc_column][\/vc_row]<\/p>\n","protected":false},"excerpt":{"rendered":"<p>[vc_row css_animation=&#8221;&#8221; row_type=&#8221;row&#8221; use_row_as_full_screen_section=&#8221;no&#8221; type=&#8221;full_width&#8221; angled_section=&#8221;no&#8221; text_align=&#8221;left&#8221; background_image_as_pattern=&#8221;without_pattern&#8221;][vc_column][qode_elements_holder number_of_columns=&#8221;three_columns&#8221;][qode_elements_holder_item vertical_alignment=&#8221;middle&#8221; advanced_animations=&#8221;no&#8221; item_padding=&#8221;21% 20%&#8221; item_padding_1024_1280=&#8221;18% 17%&#8221; item_padding_768_1024=&#8221;16% 18%&#8221; item_padding_600_768=&#8221;18% 27%&#8221; item_padding_480_600=&#8221;16% 20%&#8221; item_padding_480=&#8221;14%&#8221;][vc_column_text] Mi smo [\/vc_column_text][vc_empty_space height=&#8221;4px&#8221;][vc_column_text]Osnovani 2007. godine. Bavimo se pru\u017eanjem usluga iz oblasti ljudskih resursa. Vr\u0161imo profesionalni odabir kadrova.[\/vc_column_text][vc_empty_space height=&#8221;15px&#8221;][vc_column_text] Pro\u010ditaj vi\u0161e [\/vc_column_text][\/qode_elements_holder_item][qode_elements_holder_item vertical_alignment=&#8221;middle&#8221;&#8230;<\/p>\n","protected":false},"author":1,"featured_media":0,"parent":0,"menu_order":0,"comment_status":"closed","ping_status":"closed","template":"full_width.php","meta":[],"_links":{"self":[{"href":"https:\/\/satkadrovi.rs\/index.php?rest_route=\/wp\/v2\/pages\/5"}],"collection":[{"href":"https:\/\/satkadrovi.rs\/index.php?rest_route=\/wp\/v2\/pages"}],"about":[{"href":"https:\/\/satkadrovi.rs\/index.php?rest_route=\/wp\/v2\/types\/page"}],"author":[{"embeddable":true,"href":"https:\/\/satkadrovi.rs\/index.php?rest_route=\/wp\/v2\/users\/1"}],"replies":[{"embeddable":true,"href":"https:\/\/satkadrovi.rs\/index.php?rest_route=%2Fwp%2Fv2%2Fcomments&post=5"}],"version-history":[{"count":91,"href":"https:\/\/satkadrovi.rs\/index.php?rest_route=\/wp\/v2\/pages\/5\/revisions"}],"predecessor-version":[{"id":528,"href":"https:\/\/satkadrovi.rs\/index.php?rest_route=\/wp\/v2\/pages\/5\/revisions\/528"}],"wp:attachment":[{"href":"https:\/\/satkadrovi.rs\/index.php?rest_route=%2Fwp%2Fv2%2Fmedia&parent=5"}],"curies":[{"name":"wp","href":"https:\/\/api.w.org\/{rel}","templated":true}]}}