{"id":412,"date":"2019-10-28T20:12:58","date_gmt":"2019-10-28T20:12:58","guid":{"rendered":"https:\/\/satkadrovi.rs\/?page_id=412"},"modified":"2020-06-15T10:15:05","modified_gmt":"2020-06-15T10:15:05","slug":"usluge","status":"publish","type":"page","link":"https:\/\/satkadrovi.rs\/?page_id=412","title":{"rendered":"Usluge"},"content":{"rendered":"<p>[vc_row css_animation=&#8221;&#8221; row_type=&#8221;row&#8221; use_row_as_full_screen_section=&#8221;no&#8221; type=&#8221;full_width&#8221; angled_section=&#8221;no&#8221; text_align=&#8221;left&#8221; background_image_as_pattern=&#8221;without_pattern&#8221;][vc_column][vc_tabs style=&#8221;vertical_left&#8221;][vc_tab title=&#8221;Regrutacija i selekcija kadrova&#8221; tab_id=&#8221;4670469c-c53d-10&#8243;][vc_column_text]Vr\u0161imo regrutaciju i selekciju kadrova za razli\u010dite pozicije. Obavljamo intervjue sa kandidatima na osnovu kojih sti\u010demo utisak o njihovoj li\u010dnosti, eventualnom radnom iskustvu, motivaciji i ambicijama. Su\u017eavanjem broja potencijalnih kandidata, predla\u017eemo najbolje za tra\u017eenu poziciju. Uvek smo spremni da zahvaljuju\u0107i velikoj bazi podataka\u00a0 umesto eventualno odsutnog radnika po\u0161aljemo novog u najkra\u0107em mogu\u0107em roku.[\/vc_column_text][\/vc_tab][vc_tab title=&#8221;Privremeno zapo\u0161ljavanje-ustupanje radnika&#8221; tab_id=&#8221;e615145d-a26f-3&#8243;][vc_column_text]SAT \u2013 KADROVI odabrane kandidate zapo\u0161ljava kao svoje radnike a zatim ih ustupa klijentu. Izmedju SAT-a i radnika potpisuje se Ugovor o radu i Ugovor o ustupanju radnika na rad kod drugog poslodavca. Izmedju klijenta i SAT-a Ugovor o pru\u017eanju kadrovskih usluga ili Ugovor o poslovno\u00a0 tehni\u010dkoj saradnji. SAT svojim radnicima osigurava sva prava koja im pripadaju po Zakonu o radu. Radnik je prijavljen na penzijsko i zdravstveno osiguranje, ima pravo na godi\u0161nji odmor, bolovanje, pla\u0107eno odsustvo i druga prava u skladu sa Zakonom, op\u0161tim aktom poslodavca i ugovorom o radu. Svi radnici su osigurani od povreda na radu kod Dunav osiguranja.<\/p>\n<p>Klijent\u00a0 kome su radnici ustupljeni, osloba\u0111a se administrativnih poslova,\u00a0 kao \u0161to su:<\/p>\n<ul>\n<li>Regrutacija kadrova<\/li>\n<li>Potpisivanja ugovora o radu<\/li>\n<li>Prijava i odjava radnika na obavezno osiguranje<\/li>\n<li>Obra\u010dun i isplata zarada<\/li>\n<li>Vo\u0111enje obaveznih mese\u010dnih i godi\u0161njih evidencija<\/li>\n<\/ul>\n<p>[\/vc_column_text][\/vc_tab][\/vc_tabs][vc_empty_space height=&#8221;52px&#8221;][\/vc_column][\/vc_row]<\/p>\n","protected":false},"excerpt":{"rendered":"<p>[vc_row css_animation=&#8221;&#8221; row_type=&#8221;row&#8221; use_row_as_full_screen_section=&#8221;no&#8221; type=&#8221;full_width&#8221; angled_section=&#8221;no&#8221; text_align=&#8221;left&#8221; background_image_as_pattern=&#8221;without_pattern&#8221;][vc_column][vc_tabs style=&#8221;vertical_left&#8221;][vc_tab title=&#8221;Regrutacija i selekcija kadrova&#8221; tab_id=&#8221;4670469c-c53d-10&#8243;][vc_column_text]Vr\u0161imo regrutaciju i selekciju kadrova za razli\u010dite pozicije. Obavljamo intervjue sa kandidatima na osnovu kojih sti\u010demo utisak o njihovoj li\u010dnosti, eventualnom radnom iskustvu, motivaciji i ambicijama. Su\u017eavanjem broja potencijalnih kandidata, predla\u017eemo najbolje&#8230;<\/p>\n","protected":false},"author":1,"featured_media":0,"parent":0,"menu_order":0,"comment_status":"closed","ping_status":"closed","template":"","meta":[],"_links":{"self":[{"href":"https:\/\/satkadrovi.rs\/index.php?rest_route=\/wp\/v2\/pages\/412"}],"collection":[{"href":"https:\/\/satkadrovi.rs\/index.php?rest_route=\/wp\/v2\/pages"}],"about":[{"href":"https:\/\/satkadrovi.rs\/index.php?rest_route=\/wp\/v2\/types\/page"}],"author":[{"embeddable":true,"href":"https:\/\/satkadrovi.rs\/index.php?rest_route=\/wp\/v2\/users\/1"}],"replies":[{"embeddable":true,"href":"https:\/\/satkadrovi.rs\/index.php?rest_route=%2Fwp%2Fv2%2Fcomments&post=412"}],"version-history":[{"count":37,"href":"https:\/\/satkadrovi.rs\/index.php?rest_route=\/wp\/v2\/pages\/412\/revisions"}],"predecessor-version":[{"id":535,"href":"https:\/\/satkadrovi.rs\/index.php?rest_route=\/wp\/v2\/pages\/412\/revisions\/535"}],"wp:attachment":[{"href":"https:\/\/satkadrovi.rs\/index.php?rest_route=%2Fwp%2Fv2%2Fmedia&parent=412"}],"curies":[{"name":"wp","href":"https:\/\/api.w.org\/{rel}","templated":true}]}}