{"id":124,"date":"2016-06-28T13:54:41","date_gmt":"2016-06-28T13:54:41","guid":{"rendered":"http:\/\/bridge59.qodeinteractive.com\/?page_id=124"},"modified":"2025-03-31T09:48:12","modified_gmt":"2025-03-31T09:48:12","slug":"o-nama","status":"publish","type":"page","link":"https:\/\/satkadrovi.rs\/?page_id=124","title":{"rendered":"O nama"},"content":{"rendered":"<p>[vc_row css_animation=&#8221;&#8221; row_type=&#8221;row&#8221; use_row_as_full_screen_section=&#8221;no&#8221; type=&#8221;full_width&#8221; angled_section=&#8221;no&#8221; text_align=&#8221;left&#8221; background_image_as_pattern=&#8221;without_pattern&#8221;][vc_column][vc_empty_space height=&#8221;64px&#8221;][vc_column_text css=&#8221;.vc_custom_1594931475207{margin-right: 150px !important;margin-left: 150px !important;}&#8221;]<\/p>\n<h4 style=\"text-align: center;\"><strong>Osnovani smo 2007. godine, sa sedi\u0161tem u Beogradu. Obavljamo delatnost pru\u017eanja usluga iz oblasti ljudskih resursa. Primenjujemo nov koncept zapo\u0161ljavanja na tr\u017ei\u0161tu radne snage u Srbiji. Delatnost obavljamo u skladu sa Zakonom o zapo\u0161ljavanju i Zakonom o radu Republike Srbije.<\/strong><\/h4>\n<p>[\/vc_column_text][vc_empty_space height=&#8221;64px&#8221;][vc_row_inner row_type=&#8221;row&#8221; type=&#8221;full_width&#8221; text_align=&#8221;left&#8221; css_animation=&#8221;&#8221; css=&#8221;.vc_custom_1592218448293{margin-right: 180px !important;margin-left: 180px !important;border-left-width: 60px !important;padding-right: 60px !important;}&#8221;][vc_column_inner width=&#8221;1\/2&#8243;][vc_column_text]<\/p>\n<div class=\"wpb_text_column wpb_content_element \">\n<div class=\"wpb_wrapper\">\n<h5>Politika kvaliteta<\/h5>\n<\/div>\n<\/div>\n<div class=\"vc_empty_space\"><\/div>\n<div class=\"wpb_text_column wpb_content_element \">\n<div class=\"wpb_wrapper\">\n<p>Samo zadovoljni korisnici se vra\u0107aju da ponovo koriste na\u0161e usluge.<\/p>\n<p style=\"text-align: left;\">Kvalitet na\u0161ih usluga je obaveza svih zaposlenih.<\/p>\n<\/div>\n<\/div>\n<p>[\/vc_column_text]\n\n\t<a href=\"https:\/\/satkadrovi.rs\/wp-content\/uploads\/2020\/06\/Politika-QMS_KU-2018-01-05.doc\" target=\"_self\"  class=\"qode-btn qode-btn-medium qode-btn-solid qode-btn-default-hover\"  >\n\t    <span class=\"qode-btn-text\">DETALJNIJE<\/span>\t<\/a>\n\n[\/vc_column_inner][vc_column_inner width=&#8221;1\/2&#8243;][vc_column_text]<\/p>\n<div class=\"wpb_text_column wpb_content_element \">\n<div class=\"wpb_wrapper\">\n<h5>Sertifikat ISO 9001<\/h5>\n<\/div>\n<\/div>\n<div class=\"vc_empty_space\"><\/div>\n<div class=\"wpb_text_column wpb_content_element \">\n<div class=\"wpb_wrapper\">\n<p>Pru\u017eanje usluga obezbe\u0111enja privremenih, povremenih i sezonskih poslova \u010dlanovima zadruge, za potrebe naru\u010dioca posla.<\/p>\n<\/div>\n<\/div>\n<p>[\/vc_column_text]\n\n\t<a href=\"https:\/\/satkadrovi.rs\/wp-content\/uploads\/2025\/03\/Sertifikat-sken-SAT-Kadrovi.pdf\" target=\"_self\"  class=\"qode-btn qode-btn-medium qode-btn-solid qode-btn-default-hover\"  >\n\t    <span class=\"qode-btn-text\">DETALJNIJE<\/span>\t<\/a>\n\n[\/vc_column_inner][\/vc_row_inner][vc_empty_space height=&#8221;64px&#8221;][\/vc_column][\/vc_row][vc_row row_type=&#8221;parallax&#8221; parallax_content_width=&#8221;in_grid&#8221; text_align=&#8221;center&#8221; full_screen_section_height=&#8221;no&#8221; background_image=&#8221;23&#8243;][vc_column][vc_empty_space height=&#8221;105px&#8221;][vc_empty_space height=&#8221;33px&#8221;][vc_row_inner row_type=&#8221;row&#8221; type=&#8221;full_width&#8221; text_align=&#8221;left&#8221; css_animation=&#8221;&#8221;][vc_column_inner width=&#8221;1\/3&#8243;][vc_single_image image=&#8221;25&#8243; img_size=&#8221;full&#8221; alignment=&#8221;center&#8221; qode_css_animation=&#8221;&#8221;]<div class=\"q_counter_holder  center\" style=\"\"><span class=\"counter  zero\" style=\"color: #ffffff;font-weight: Default;\">4<\/span><p class=\"counter_text\" style=\"font-weight: Default;color: #ffffff;\">Godine postojimo<\/p><\/div>[vc_empty_space height=&#8221;60px&#8221;][\/vc_column_inner][vc_column_inner width=&#8221;1\/3&#8243;][vc_single_image image=&#8221;26&#8243; img_size=&#8221;full&#8221; alignment=&#8221;center&#8221; qode_css_animation=&#8221;&#8221;]<div class=\"q_counter_holder  center\" style=\"\"><span class=\"counter  zero\" style=\"color: #ffffff;font-weight: Default;\">200<\/span><p class=\"counter_text\" style=\"font-weight: Default;color: #ffffff;\">i vi\u0161e zadovoljnih klijenata<\/p><\/div>[vc_empty_space height=&#8221;60px&#8221;][\/vc_column_inner][vc_column_inner width=&#8221;1\/3&#8243;][vc_single_image image=&#8221;27&#8243; img_size=&#8221;full&#8221; alignment=&#8221;center&#8221; qode_css_animation=&#8221;&#8221;]<div class=\"q_counter_holder  center\" style=\"\"><span class=\"counter  zero\" style=\"color: #ffffff;font-weight: Default;\">3000<\/span><p class=\"counter_text\" style=\"font-weight: Default;color: #ffffff;\">i vi\u0161e realizovanih poslova<\/p><\/div>[vc_empty_space height=&#8221;60px&#8221;][\/vc_column_inner][\/vc_row_inner][\/vc_column][\/vc_row][vc_row css_animation=&#8221;&#8221; row_type=&#8221;row&#8221; use_row_as_full_screen_section=&#8221;no&#8221; type=&#8221;full_width&#8221; angled_section=&#8221;no&#8221; text_align=&#8221;left&#8221; background_image_as_pattern=&#8221;without_pattern&#8221;][vc_column][\/vc_column][\/vc_row]<\/p>\n","protected":false},"excerpt":{"rendered":"<p>[vc_row css_animation=&#8221;&#8221; row_type=&#8221;row&#8221; use_row_as_full_screen_section=&#8221;no&#8221; type=&#8221;full_width&#8221; angled_section=&#8221;no&#8221; text_align=&#8221;left&#8221; background_image_as_pattern=&#8221;without_pattern&#8221;][vc_column][vc_empty_space height=&#8221;64px&#8221;][vc_column_text css=&#8221;.vc_custom_1594931475207{margin-right: 150px !important;margin-left: 150px !important;}&#8221;] Osnovani smo 2007. godine, sa sedi\u0161tem u Beogradu. Obavljamo delatnost pru\u017eanja usluga iz oblasti ljudskih resursa. Primenjujemo nov koncept zapo\u0161ljavanja na tr\u017ei\u0161tu radne snage u Srbiji. Delatnost obavljamo u skladu sa&#8230;<\/p>\n","protected":false},"author":1,"featured_media":0,"parent":0,"menu_order":0,"comment_status":"closed","ping_status":"closed","template":"full_width.php","meta":[],"_links":{"self":[{"href":"https:\/\/satkadrovi.rs\/index.php?rest_route=\/wp\/v2\/pages\/124"}],"collection":[{"href":"https:\/\/satkadrovi.rs\/index.php?rest_route=\/wp\/v2\/pages"}],"about":[{"href":"https:\/\/satkadrovi.rs\/index.php?rest_route=\/wp\/v2\/types\/page"}],"author":[{"embeddable":true,"href":"https:\/\/satkadrovi.rs\/index.php?rest_route=\/wp\/v2\/users\/1"}],"replies":[{"embeddable":true,"href":"https:\/\/satkadrovi.rs\/index.php?rest_route=%2Fwp%2Fv2%2Fcomments&post=124"}],"version-history":[{"count":46,"href":"https:\/\/satkadrovi.rs\/index.php?rest_route=\/wp\/v2\/pages\/124\/revisions"}],"predecessor-version":[{"id":676,"href":"https:\/\/satkadrovi.rs\/index.php?rest_route=\/wp\/v2\/pages\/124\/revisions\/676"}],"wp:attachment":[{"href":"https:\/\/satkadrovi.rs\/index.php?rest_route=%2Fwp%2Fv2%2Fmedia&parent=124"}],"curies":[{"name":"wp","href":"https:\/\/api.w.org\/{rel}","templated":true}]}}